{"id":7,"date":"2021-04-26T18:31:56","date_gmt":"2021-04-26T21:31:56","guid":{"rendered":"https:\/\/groupinvest.com.br\/?page_id=7"},"modified":"2021-04-26T18:56:11","modified_gmt":"2021-04-26T21:56:11","slug":"sobre-a-groupinvest","status":"publish","type":"page","link":"https:\/\/groupinvest.com.br\/","title":{"rendered":"\u201cSomos a ponte entre Solu\u00e7\u00f5es inovadoras  e investidores\u201d"},"content":{"rendered":"\n<p><strong>A GroupInvest \u00e9 composta por um grupo de investidores com o prop\u00f3sito de investir recursos financeiros e&nbsp;smart money&nbsp;em startups promissoras nas \u00e1reas de Agroneg\u00f3cios e tecnologia com bases tecnol\u00f3gicas.<\/strong><\/p>\n\n\n\n<p><\/p>\n\n\n\n<p class=\"has-text-align-center\"><\/p>\n\n\n\n<p><\/p>\n\n\n\n<p><strong>A GroupInvest trabalha junto com a \u201c<a href=\"https:\/\/al4mo.com\" target=\"_blank\" rel=\"noreferrer noopener\">Plataforma de Acelera\u00e7\u00e3o de Stratups Al4mo<\/a>\u201d reunindo estrat\u00e9gias que consideram an\u00e1lises econ\u00f4mico-financeiras e fatores de desempenho ambiental, social e de governan\u00e7a corporativa em&nbsp;<em>startups<\/em>&nbsp;e neg\u00f3cios inovadores.<\/strong><\/p>\n\n\n\n<h4 class=\"wp-block-heading\"><span class=\"has-inline-color has-primary-color\">Capta\u00e7\u00e3o Assertiva<\/span><\/h4>\n\n\n\n<p>A AL4MO<sup>\u00a9<\/sup>&nbsp;usa crit\u00e9rios assertivos para identificar oportunidades de investimento em&nbsp;<strong>neg\u00f3cios de impacto<\/strong>. Identificamos e captamos solu\u00e7\u00f5es com o apoio de parceiros e de especialistas de mercado.<\/p>\n\n\n\n<h4 class=\"wp-block-heading\"><span class=\"has-inline-color has-primary-color\">Apoio Multidisciplinar Assistido<\/span><\/h4>\n\n\n\n<p>As&nbsp;<em>startups<\/em>&nbsp;s\u00e3o preparadas para&nbsp;<strong>entrar no mercado<\/strong>&nbsp;com m\u00e9todos profissionais para desenvolvimento de produtos e servi\u00e7os, estrat\u00e9gias de venda, planejamento financeiro e cont\u00e1bil, posicionamento de marca, imagem e arquitetura jur\u00eddica.<\/p>\n\n\n\n<h4 class=\"wp-block-heading\"><span class=\"has-inline-color has-primary-color\">Mensura\u00e7\u00e3o e Indicadores Estruturados<\/span><\/h4>\n\n\n\n<p>A&nbsp;<strong>gest\u00e3o ativa<\/strong>&nbsp;sobre os recursos compartilhados permite que a AL4MO<sup>\u00a9<\/sup>&nbsp;apoie as&nbsp;<em>startups<\/em>&nbsp;no alcance de suas metas e entregue, para os investidores, indicadores estruturados de resultado e performance.<\/p>\n","protected":false},"excerpt":{"rendered":"<p>A GroupInvest \u00e9 composta por um grupo de investidores com o prop\u00f3sito de investir recursos financeiros e&nbsp;smart money&nbsp;em startups promissoras nas \u00e1reas de Agroneg\u00f3cios e tecnologia com bases tecnol\u00f3gicas. A GroupInvest trabalha junto com a \u201cPlataforma de Acelera\u00e7\u00e3o de Stratups Al4mo\u201d reunindo estrat\u00e9gias que consideram an\u00e1lises econ\u00f4mico-financeiras e fatores de desempenho ambiental, social e de &hellip; <\/p>\n<p class=\"link-more\"><a href=\"https:\/\/groupinvest.com.br\/\" class=\"more-link\">Continue lendo<span class=\"screen-reader-text\"> &#8220;\u201cSomos a ponte entre Solu\u00e7\u00f5es inovadoras  e investidores\u201d&#8221;<\/span><\/a><\/p>\n","protected":false},"author":1,"featured_media":14,"parent":0,"menu_order":0,"comment_status":"closed","ping_status":"closed","template":"","meta":{"om_disable_all_campaigns":false,"_monsterinsights_skip_tracking":false,"_monsterinsights_sitenote_active":false,"_monsterinsights_sitenote_note":"","_monsterinsights_sitenote_category":0,"footnotes":""},"class_list":["post-7","page","type-page","status-publish","has-post-thumbnail","hentry","entry"],"aioseo_notices":[],"_links":{"self":[{"href":"https:\/\/groupinvest.com.br\/index.php\/wp-json\/wp\/v2\/pages\/7","targetHints":{"allow":["GET"]}}],"collection":[{"href":"https:\/\/groupinvest.com.br\/index.php\/wp-json\/wp\/v2\/pages"}],"about":[{"href":"https:\/\/groupinvest.com.br\/index.php\/wp-json\/wp\/v2\/types\/page"}],"author":[{"embeddable":true,"href":"https:\/\/groupinvest.com.br\/index.php\/wp-json\/wp\/v2\/users\/1"}],"replies":[{"embeddable":true,"href":"https:\/\/groupinvest.com.br\/index.php\/wp-json\/wp\/v2\/comments?post=7"}],"version-history":[{"count":4,"href":"https:\/\/groupinvest.com.br\/index.php\/wp-json\/wp\/v2\/pages\/7\/revisions"}],"predecessor-version":[{"id":16,"href":"https:\/\/groupinvest.com.br\/index.php\/wp-json\/wp\/v2\/pages\/7\/revisions\/16"}],"wp:featuredmedia":[{"embeddable":true,"href":"https:\/\/groupinvest.com.br\/index.php\/wp-json\/wp\/v2\/media\/14"}],"wp:attachment":[{"href":"https:\/\/groupinvest.com.br\/index.php\/wp-json\/wp\/v2\/media?parent=7"}],"curies":[{"name":"wp","href":"https:\/\/api.w.org\/{rel}","templated":true}]}}